{"id":9552,"date":"2024-08-01T13:03:33","date_gmt":"2024-08-01T13:03:33","guid":{"rendered":"https:\/\/www.fychtech.com\/?page_id=9552"},"modified":"2024-08-12T07:39:38","modified_gmt":"2024-08-12T07:39:38","slug":"info","status":"publish","type":"page","link":"https:\/\/www.fychtech.com\/en\/info\/","title":{"rendered":"Current affairs"},"content":{"rendered":"<div data-elementor-type=\"wp-page\" data-elementor-id=\"9552\" class=\"elementor elementor-9552\" data-elementor-post-type=\"page\">\n\t\t\t\t<div data-ka-cursor-size=\"1\" class=\"elementor-element elementor-element-890d5b1 e-flex e-con-boxed e-con e-parent\" data-id=\"890d5b1\" data-element_type=\"container\" data-e-type=\"container\" data-settings=\"{&quot;background_background&quot;:&quot;classic&quot;,&quot;kng_cursor_interaction&quot;:&quot;default&quot;,&quot;kng_cursor_magnetic&quot;:&quot;none&quot;,&quot;kng_cursor_size_multiplier&quot;:{&quot;unit&quot;:&quot;px&quot;,&quot;size&quot;:1,&quot;sizes&quot;:[]}}\">\n\t\t\t\t\t<div class=\"e-con-inner\">\n\t\t<div data-ka-cursor-size=\"1\" class=\"elementor-element elementor-element-248b1d5 e-con-full e-flex e-con e-child\" data-id=\"248b1d5\" data-element_type=\"container\" data-e-type=\"container\" data-settings=\"{&quot;kng_cursor_interaction&quot;:&quot;default&quot;,&quot;kng_cursor_magnetic&quot;:&quot;none&quot;,&quot;kng_cursor_size_multiplier&quot;:{&quot;unit&quot;:&quot;px&quot;,&quot;size&quot;:1,&quot;sizes&quot;:[]}}\">\n\t\t\t\t<div data-ka-cursor-size=\"1\" class=\"elementor-element elementor-element-518be9f elementor-widget elementor-widget-heading\" data-id=\"518be9f\" data-element_type=\"widget\" data-e-type=\"widget\" data-settings=\"{&quot;htmega_fe&quot;:&quot;no&quot;,&quot;kng_cursor_interaction&quot;:&quot;default&quot;,&quot;kng_cursor_magnetic&quot;:&quot;none&quot;,&quot;kng_cursor_size_multiplier&quot;:{&quot;unit&quot;:&quot;px&quot;,&quot;size&quot;:1,&quot;sizes&quot;:[]}}\" data-widget_type=\"heading.default\">\n\t\t\t\t<div class=\"elementor-widget-container\">\n\t\t\t\t\t<h1 class=\"elementor-heading-title elementor-size-default\">Current affairs<\/h1>\t\t\t\t<\/div>\n\t\t\t\t<\/div>\n\t\t\t\t<\/div>\n\t\t\t\t\t<\/div>\n\t\t\t\t<\/div>\n\t\t<div data-ka-cursor-size=\"1\" class=\"elementor-element elementor-element-3a0c3e2 e-flex e-con-boxed e-con e-parent\" data-id=\"3a0c3e2\" data-element_type=\"container\" data-e-type=\"container\" data-settings=\"{&quot;kng_cursor_interaction&quot;:&quot;default&quot;,&quot;kng_cursor_magnetic&quot;:&quot;none&quot;,&quot;kng_cursor_size_multiplier&quot;:{&quot;unit&quot;:&quot;px&quot;,&quot;size&quot;:1,&quot;sizes&quot;:[]}}\">\n\t\t\t\t\t<div class=\"e-con-inner\">\n\t\t<div data-ka-cursor-size=\"1\" class=\"elementor-element elementor-element-3d39594 e-con-full e-flex e-con e-child\" data-id=\"3d39594\" data-element_type=\"container\" data-e-type=\"container\" data-settings=\"{&quot;kng_cursor_interaction&quot;:&quot;default&quot;,&quot;kng_cursor_magnetic&quot;:&quot;none&quot;,&quot;kng_cursor_size_multiplier&quot;:{&quot;unit&quot;:&quot;px&quot;,&quot;size&quot;:1,&quot;sizes&quot;:[]}}\">\n\t\t\t\t<div data-ka-cursor-size=\"1\" class=\"elementor-element elementor-element-fbdc1df elementor-widget elementor-widget-spacer\" data-id=\"fbdc1df\" data-element_type=\"widget\" data-e-type=\"widget\" data-settings=\"{&quot;htmega_fe&quot;:&quot;no&quot;,&quot;kng_cursor_interaction&quot;:&quot;default&quot;,&quot;kng_cursor_magnetic&quot;:&quot;none&quot;,&quot;kng_cursor_size_multiplier&quot;:{&quot;unit&quot;:&quot;px&quot;,&quot;size&quot;:1,&quot;sizes&quot;:[]}}\" data-widget_type=\"spacer.default\">\n\t\t\t\t<div class=\"elementor-widget-container\">\n\t\t\t\t\t\t\t<div class=\"elementor-spacer\">\n\t\t\t<div class=\"elementor-spacer-inner\"><\/div>\n\t\t<\/div>\n\t\t\t\t\t\t<\/div>\n\t\t\t\t<\/div>\n\t\t\t\t<div data-ka-cursor-size=\"1\" class=\"elementor-element elementor-element-15f802f elementor-invisible elementor-widget elementor-widget-image\" data-id=\"15f802f\" data-element_type=\"widget\" data-e-type=\"widget\" data-settings=\"{&quot;_animation&quot;:&quot;fadeIn&quot;,&quot;htmega_fe&quot;:&quot;no&quot;,&quot;kng_cursor_interaction&quot;:&quot;default&quot;,&quot;kng_cursor_magnetic&quot;:&quot;none&quot;,&quot;kng_cursor_size_multiplier&quot;:{&quot;unit&quot;:&quot;px&quot;,&quot;size&quot;:1,&quot;sizes&quot;:[]}}\" data-widget_type=\"image.default\">\n\t\t\t\t<div class=\"elementor-widget-container\">\n\t\t\t\t\t\t\t\t\t\t\t\t\t\t\t\t<a href=\"https:\/\/www.fychtech.com\/en\/noticias\/\">\n\t\t\t\t\t\t\t<img fetchpriority=\"high\" decoding=\"async\" width=\"800\" height=\"450\" src=\"https:\/\/www.fychtech.com\/wp-content\/uploads\/2024\/08\/Noticias-1.png\" class=\"elementor-animation-grow attachment-large size-large wp-image-9557\" alt=\"\" srcset=\"https:\/\/www.fychtech.com\/wp-content\/uploads\/2024\/08\/Noticias-1.png 1920w, https:\/\/www.fychtech.com\/wp-content\/uploads\/2024\/08\/Noticias-1-300x169.png 300w, https:\/\/www.fychtech.com\/wp-content\/uploads\/2024\/08\/Noticias-1-1024x576.png 1024w, https:\/\/www.fychtech.com\/wp-content\/uploads\/2024\/08\/Noticias-1-768x432.png 768w, https:\/\/www.fychtech.com\/wp-content\/uploads\/2024\/08\/Noticias-1-1536x864.png 1536w, https:\/\/www.fychtech.com\/wp-content\/uploads\/2024\/08\/Noticias-1-18x10.png 18w\" sizes=\"(max-width: 800px) 100vw, 800px\" \/>\t\t\t\t\t\t\t\t<\/a>\n\t\t\t\t\t\t\t\t\t\t\t\t\t\t\t<\/div>\n\t\t\t\t<\/div>\n\t\t\t\t<\/div>\n\t\t<div data-ka-cursor-size=\"1\" class=\"elementor-element elementor-element-f3189fe e-con-full e-flex e-con e-child\" data-id=\"f3189fe\" data-element_type=\"container\" data-e-type=\"container\" data-settings=\"{&quot;kng_cursor_interaction&quot;:&quot;default&quot;,&quot;kng_cursor_magnetic&quot;:&quot;none&quot;,&quot;kng_cursor_size_multiplier&quot;:{&quot;unit&quot;:&quot;px&quot;,&quot;size&quot;:1,&quot;sizes&quot;:[]}}\">\n\t\t\t\t<div data-ka-cursor-size=\"1\" class=\"elementor-element elementor-element-100d388 elementor-widget elementor-widget-spacer\" data-id=\"100d388\" data-element_type=\"widget\" data-e-type=\"widget\" data-settings=\"{&quot;htmega_fe&quot;:&quot;no&quot;,&quot;kng_cursor_interaction&quot;:&quot;default&quot;,&quot;kng_cursor_magnetic&quot;:&quot;none&quot;,&quot;kng_cursor_size_multiplier&quot;:{&quot;unit&quot;:&quot;px&quot;,&quot;size&quot;:1,&quot;sizes&quot;:[]}}\" data-widget_type=\"spacer.default\">\n\t\t\t\t<div class=\"elementor-widget-container\">\n\t\t\t\t\t\t\t<div class=\"elementor-spacer\">\n\t\t\t<div class=\"elementor-spacer-inner\"><\/div>\n\t\t<\/div>\n\t\t\t\t\t\t<\/div>\n\t\t\t\t<\/div>\n\t\t\t\t<div data-ka-cursor-size=\"1\" class=\"elementor-element elementor-element-1e8a0b1 elementor-invisible elementor-widget elementor-widget-image\" data-id=\"1e8a0b1\" data-element_type=\"widget\" data-e-type=\"widget\" data-settings=\"{&quot;motion_fx_motion_fx_mouse&quot;:&quot;yes&quot;,&quot;_animation&quot;:&quot;fadeIn&quot;,&quot;htmega_fe&quot;:&quot;no&quot;,&quot;kng_cursor_interaction&quot;:&quot;default&quot;,&quot;kng_cursor_magnetic&quot;:&quot;none&quot;,&quot;kng_cursor_size_multiplier&quot;:{&quot;unit&quot;:&quot;px&quot;,&quot;size&quot;:1,&quot;sizes&quot;:[]}}\" data-widget_type=\"image.default\">\n\t\t\t\t<div class=\"elementor-widget-container\">\n\t\t\t\t\t\t\t\t\t\t\t\t\t\t\t\t<a href=\"https:\/\/www.fychtech.com\/en\/blog\/\">\n\t\t\t\t\t\t\t<img decoding=\"async\" width=\"800\" height=\"450\" src=\"https:\/\/www.fychtech.com\/wp-content\/uploads\/2024\/08\/Noticias-1-1024x576.jpg\" class=\"elementor-animation-grow attachment-large size-large wp-image-9558\" alt=\"\" srcset=\"https:\/\/www.fychtech.com\/wp-content\/uploads\/2024\/08\/Noticias-1-1024x576.jpg 1024w, https:\/\/www.fychtech.com\/wp-content\/uploads\/2024\/08\/Noticias-1-300x169.jpg 300w, https:\/\/www.fychtech.com\/wp-content\/uploads\/2024\/08\/Noticias-1-768x432.jpg 768w, https:\/\/www.fychtech.com\/wp-content\/uploads\/2024\/08\/Noticias-1-1536x864.jpg 1536w, https:\/\/www.fychtech.com\/wp-content\/uploads\/2024\/08\/Noticias-1-18x10.jpg 18w, https:\/\/www.fychtech.com\/wp-content\/uploads\/2024\/08\/Noticias-1.jpg 1920w\" sizes=\"(max-width: 800px) 100vw, 800px\" \/>\t\t\t\t\t\t\t\t<\/a>\n\t\t\t\t\t\t\t\t\t\t\t\t\t\t\t<\/div>\n\t\t\t\t<\/div>\n\t\t\t\t<\/div>\n\t\t<div data-ka-cursor-size=\"1\" class=\"elementor-element elementor-element-6f9b7b4 e-con-full e-flex e-con e-child\" data-id=\"6f9b7b4\" data-element_type=\"container\" data-e-type=\"container\" data-settings=\"{&quot;kng_cursor_interaction&quot;:&quot;default&quot;,&quot;kng_cursor_magnetic&quot;:&quot;none&quot;,&quot;kng_cursor_size_multiplier&quot;:{&quot;unit&quot;:&quot;px&quot;,&quot;size&quot;:1,&quot;sizes&quot;:[]}}\">\n\t\t\t\t<div data-ka-cursor-size=\"1\" class=\"elementor-element elementor-element-52786ba elementor-invisible elementor-widget elementor-widget-image\" data-id=\"52786ba\" data-element_type=\"widget\" data-e-type=\"widget\" data-settings=\"{&quot;_animation&quot;:&quot;fadeIn&quot;,&quot;htmega_fe&quot;:&quot;no&quot;,&quot;kng_cursor_interaction&quot;:&quot;default&quot;,&quot;kng_cursor_magnetic&quot;:&quot;none&quot;,&quot;kng_cursor_size_multiplier&quot;:{&quot;unit&quot;:&quot;px&quot;,&quot;size&quot;:1,&quot;sizes&quot;:[]}}\" data-widget_type=\"image.default\">\n\t\t\t\t<div class=\"elementor-widget-container\">\n\t\t\t\t\t\t\t\t\t\t\t\t<figure class=\"wp-caption\">\n\t\t\t\t\t\t\t\t\t\t\t<a href=\"https:\/\/www.fychtech.com\/en\/eventos\/\">\n\t\t\t\t\t\t\t<img decoding=\"async\" width=\"768\" height=\"432\" src=\"https:\/\/www.fychtech.com\/wp-content\/uploads\/2024\/08\/Noticias-2.png\" class=\"elementor-animation-grow attachment-medium_large size-medium_large wp-image-9909\" alt=\"\" srcset=\"https:\/\/www.fychtech.com\/wp-content\/uploads\/2024\/08\/Noticias-2.png 1920w, https:\/\/www.fychtech.com\/wp-content\/uploads\/2024\/08\/Noticias-2-300x169.png 300w, https:\/\/www.fychtech.com\/wp-content\/uploads\/2024\/08\/Noticias-2-1024x576.png 1024w, https:\/\/www.fychtech.com\/wp-content\/uploads\/2024\/08\/Noticias-2-768x432.png 768w, https:\/\/www.fychtech.com\/wp-content\/uploads\/2024\/08\/Noticias-2-1536x864.png 1536w, https:\/\/www.fychtech.com\/wp-content\/uploads\/2024\/08\/Noticias-2-18x10.png 18w\" sizes=\"(max-width: 768px) 100vw, 768px\" \/>\t\t\t\t\t\t\t\t<\/a>\n\t\t\t\t\t\t\t\t\t\t\t<figcaption class=\"widget-image-caption wp-caption-text\"><\/figcaption>\n\t\t\t\t\t\t\t\t\t\t<\/figure>\n\t\t\t\t\t\t\t\t\t<\/div>\n\t\t\t\t<\/div>\n\t\t\t\t<div data-ka-cursor-size=\"1\" class=\"elementor-element elementor-element-95ec901 elementor-widget elementor-widget-spacer\" data-id=\"95ec901\" data-element_type=\"widget\" data-e-type=\"widget\" data-settings=\"{&quot;htmega_fe&quot;:&quot;no&quot;,&quot;kng_cursor_interaction&quot;:&quot;default&quot;,&quot;kng_cursor_magnetic&quot;:&quot;none&quot;,&quot;kng_cursor_size_multiplier&quot;:{&quot;unit&quot;:&quot;px&quot;,&quot;size&quot;:1,&quot;sizes&quot;:[]}}\" data-widget_type=\"spacer.default\">\n\t\t\t\t<div class=\"elementor-widget-container\">\n\t\t\t\t\t\t\t<div class=\"elementor-spacer\">\n\t\t\t<div class=\"elementor-spacer-inner\"><\/div>\n\t\t<\/div>\n\t\t\t\t\t\t<\/div>\n\t\t\t\t<\/div>\n\t\t\t\t<div data-ka-cursor-size=\"1\" class=\"elementor-element elementor-element-516f64c elementor-widget-divider--view-line elementor-widget elementor-widget-divider\" data-id=\"516f64c\" data-element_type=\"widget\" data-e-type=\"widget\" data-settings=\"{&quot;htmega_fe&quot;:&quot;no&quot;,&quot;kng_cursor_interaction&quot;:&quot;default&quot;,&quot;kng_cursor_magnetic&quot;:&quot;none&quot;,&quot;kng_cursor_size_multiplier&quot;:{&quot;unit&quot;:&quot;px&quot;,&quot;size&quot;:1,&quot;sizes&quot;:[]}}\" data-widget_type=\"divider.default\">\n\t\t\t\t<div class=\"elementor-widget-container\">\n\t\t\t\t\t\t\t<div class=\"elementor-divider\">\n\t\t\t<span class=\"elementor-divider-separator\">\n\t\t\t\t\t\t<\/span>\n\t\t<\/div>\n\t\t\t\t\t\t<\/div>\n\t\t\t\t<\/div>\n\t\t<div data-ka-cursor-size=\"1\" class=\"elementor-element elementor-element-4fcd012 e-con-full e-flex e-con e-child\" data-id=\"4fcd012\" data-element_type=\"container\" data-e-type=\"container\" data-settings=\"{&quot;kng_cursor_interaction&quot;:&quot;default&quot;,&quot;kng_cursor_magnetic&quot;:&quot;none&quot;,&quot;kng_cursor_size_multiplier&quot;:{&quot;unit&quot;:&quot;px&quot;,&quot;size&quot;:1,&quot;sizes&quot;:[]}}\">\n\t\t\t\t<div data-ka-cursor-size=\"1\" class=\"elementor-element elementor-element-0c8d6a5 elementor-widget elementor-widget-spacer\" data-id=\"0c8d6a5\" data-element_type=\"widget\" data-e-type=\"widget\" data-settings=\"{&quot;htmega_fe&quot;:&quot;no&quot;,&quot;kng_cursor_interaction&quot;:&quot;default&quot;,&quot;kng_cursor_magnetic&quot;:&quot;none&quot;,&quot;kng_cursor_size_multiplier&quot;:{&quot;unit&quot;:&quot;px&quot;,&quot;size&quot;:1,&quot;sizes&quot;:[]}}\" data-widget_type=\"spacer.default\">\n\t\t\t\t<div class=\"elementor-widget-container\">\n\t\t\t\t\t\t\t<div class=\"elementor-spacer\">\n\t\t\t<div class=\"elementor-spacer-inner\"><\/div>\n\t\t<\/div>\n\t\t\t\t\t\t<\/div>\n\t\t\t\t<\/div>\n\t\t\t\t<div data-ka-cursor-size=\"1\" class=\"elementor-element elementor-element-75bf86a elementor-widget elementor-widget-heading\" data-id=\"75bf86a\" data-element_type=\"widget\" data-e-type=\"widget\" data-settings=\"{&quot;htmega_fe&quot;:&quot;no&quot;,&quot;kng_cursor_interaction&quot;:&quot;default&quot;,&quot;kng_cursor_magnetic&quot;:&quot;none&quot;,&quot;kng_cursor_size_multiplier&quot;:{&quot;unit&quot;:&quot;px&quot;,&quot;size&quot;:1,&quot;sizes&quot;:[]}}\" data-widget_type=\"heading.default\">\n\t\t\t\t<div class=\"elementor-widget-container\">\n\t\t\t\t\t<h2 class=\"elementor-heading-title elementor-size-default\">Sustainable development goals<\/h2>\t\t\t\t<\/div>\n\t\t\t\t<\/div>\n\t\t\t\t<div data-ka-cursor-size=\"1\" class=\"elementor-element elementor-element-7cdeb0d elementor-widget elementor-widget-text-editor\" data-id=\"7cdeb0d\" data-element_type=\"widget\" data-e-type=\"widget\" data-settings=\"{&quot;htmega_fe&quot;:&quot;no&quot;,&quot;kng_cursor_interaction&quot;:&quot;default&quot;,&quot;kng_cursor_magnetic&quot;:&quot;none&quot;,&quot;kng_cursor_size_multiplier&quot;:{&quot;unit&quot;:&quot;px&quot;,&quot;size&quot;:1,&quot;sizes&quot;:[]}}\" data-widget_type=\"text-editor.default\">\n\t\t\t\t<div class=\"elementor-widget-container\">\n\t\t\t\t\t\t\t\t\t<p>At Fych Technologies we comply with the following SDGs<\/p>\t\t\t\t\t\t\t\t<\/div>\n\t\t\t\t<\/div>\n\t\t\t\t<div data-ka-cursor-size=\"1\" class=\"elementor-element elementor-element-16e9bef elementor-widget elementor-widget-image\" data-id=\"16e9bef\" data-element_type=\"widget\" data-e-type=\"widget\" data-settings=\"{&quot;htmega_fe&quot;:&quot;no&quot;,&quot;kng_cursor_interaction&quot;:&quot;default&quot;,&quot;kng_cursor_magnetic&quot;:&quot;none&quot;,&quot;kng_cursor_size_multiplier&quot;:{&quot;unit&quot;:&quot;px&quot;,&quot;size&quot;:1,&quot;sizes&quot;:[]}}\" data-widget_type=\"image.default\">\n\t\t\t\t<div class=\"elementor-widget-container\">\n\t\t\t\t\t\t\t\t\t\t\t\t\t\t\t<img loading=\"lazy\" decoding=\"async\" width=\"768\" height=\"432\" src=\"https:\/\/www.fychtech.com\/wp-content\/uploads\/2024\/08\/Diseno-sin-titulo-12-768x432.png\" class=\"attachment-medium_large size-medium_large wp-image-9700\" alt=\"\" srcset=\"https:\/\/www.fychtech.com\/wp-content\/uploads\/2024\/08\/Diseno-sin-titulo-12-768x432.png 768w, https:\/\/www.fychtech.com\/wp-content\/uploads\/2024\/08\/Diseno-sin-titulo-12-300x169.png 300w, https:\/\/www.fychtech.com\/wp-content\/uploads\/2024\/08\/Diseno-sin-titulo-12-1024x576.png 1024w, https:\/\/www.fychtech.com\/wp-content\/uploads\/2024\/08\/Diseno-sin-titulo-12-1536x864.png 1536w, https:\/\/www.fychtech.com\/wp-content\/uploads\/2024\/08\/Diseno-sin-titulo-12-18x10.png 18w, https:\/\/www.fychtech.com\/wp-content\/uploads\/2024\/08\/Diseno-sin-titulo-12.png 1920w\" sizes=\"(max-width: 768px) 100vw, 768px\" \/>\t\t\t\t\t\t\t\t\t\t\t\t\t\t\t<\/div>\n\t\t\t\t<\/div>\n\t\t\t\t<\/div>\n\t\t\t\t<\/div>\n\t\t\t\t\t<\/div>\n\t\t\t\t<\/div>\n\t\t<div data-ka-cursor-size=\"1\" class=\"elementor-element elementor-element-3bd861e e-flex e-con-boxed e-con e-parent\" data-id=\"3bd861e\" data-element_type=\"container\" data-e-type=\"container\" data-settings=\"{&quot;kng_cursor_interaction&quot;:&quot;default&quot;,&quot;kng_cursor_magnetic&quot;:&quot;none&quot;,&quot;kng_cursor_size_multiplier&quot;:{&quot;unit&quot;:&quot;px&quot;,&quot;size&quot;:1,&quot;sizes&quot;:[]}}\">\n\t\t\t\t\t<div class=\"e-con-inner\">\n\t\t\t\t<div data-ka-cursor-size=\"1\" class=\"elementor-element elementor-element-eefbcd1 elementor-widget elementor-widget-spacer\" data-id=\"eefbcd1\" data-element_type=\"widget\" data-e-type=\"widget\" data-settings=\"{&quot;htmega_fe&quot;:&quot;no&quot;,&quot;kng_cursor_interaction&quot;:&quot;default&quot;,&quot;kng_cursor_magnetic&quot;:&quot;none&quot;,&quot;kng_cursor_size_multiplier&quot;:{&quot;unit&quot;:&quot;px&quot;,&quot;size&quot;:1,&quot;sizes&quot;:[]}}\" data-widget_type=\"spacer.default\">\n\t\t\t\t<div class=\"elementor-widget-container\">\n\t\t\t\t\t\t\t<div class=\"elementor-spacer\">\n\t\t\t<div class=\"elementor-spacer-inner\"><\/div>\n\t\t<\/div>\n\t\t\t\t\t\t<\/div>\n\t\t\t\t<\/div>\n\t\t\t\t<div data-ka-cursor-size=\"1\" class=\"elementor-element elementor-element-90ddc9d elementor-widget-divider--view-line elementor-widget elementor-widget-divider\" data-id=\"90ddc9d\" data-element_type=\"widget\" data-e-type=\"widget\" data-settings=\"{&quot;htmega_fe&quot;:&quot;no&quot;,&quot;kng_cursor_interaction&quot;:&quot;default&quot;,&quot;kng_cursor_magnetic&quot;:&quot;none&quot;,&quot;kng_cursor_size_multiplier&quot;:{&quot;unit&quot;:&quot;px&quot;,&quot;size&quot;:1,&quot;sizes&quot;:[]}}\" data-widget_type=\"divider.default\">\n\t\t\t\t<div class=\"elementor-widget-container\">\n\t\t\t\t\t\t\t<div class=\"elementor-divider\">\n\t\t\t<span class=\"elementor-divider-separator\">\n\t\t\t\t\t\t<\/span>\n\t\t<\/div>\n\t\t\t\t\t\t<\/div>\n\t\t\t\t<\/div>\n\t\t\t\t<div data-ka-cursor-size=\"1\" class=\"elementor-element elementor-element-2d6d6b2 elementor-widget elementor-widget-spacer\" data-id=\"2d6d6b2\" data-element_type=\"widget\" data-e-type=\"widget\" data-settings=\"{&quot;htmega_fe&quot;:&quot;no&quot;,&quot;kng_cursor_interaction&quot;:&quot;default&quot;,&quot;kng_cursor_magnetic&quot;:&quot;none&quot;,&quot;kng_cursor_size_multiplier&quot;:{&quot;unit&quot;:&quot;px&quot;,&quot;size&quot;:1,&quot;sizes&quot;:[]}}\" data-widget_type=\"spacer.default\">\n\t\t\t\t<div class=\"elementor-widget-container\">\n\t\t\t\t\t\t\t<div class=\"elementor-spacer\">\n\t\t\t<div class=\"elementor-spacer-inner\"><\/div>\n\t\t<\/div>\n\t\t\t\t\t\t<\/div>\n\t\t\t\t<\/div>\n\t\t\t\t\t<\/div>\n\t\t\t\t<\/div>\n\t\t\t\t<\/div>","protected":false},"excerpt":{"rendered":"<p>Actualidad Objetivos de desarrollo sostenible En Fych Technologies cumplimos con los siguientes ODS<\/p>","protected":false},"author":2,"featured_media":0,"parent":0,"menu_order":0,"comment_status":"closed","ping_status":"closed","template":"","meta":{"footnotes":""},"class_list":["post-9552","page","type-page","status-publish","hentry"],"yoast_head":"<!-- This site is optimized with the Yoast SEO plugin v27.3 - https:\/\/yoast.com\/product\/yoast-seo-wordpress\/ -->\n<title>Actualidad - Fych Technologies<\/title>\n<meta name=\"description\" content=\"Conoce todas nuestras noticias acerca de innovaci\u00f3n en tecnolog\u00edas para el reciclaje de pl\u00e1sticos en el Blog de Fych. Ll\u00e1manos 691 79 49 21.\" \/>\n<meta name=\"robots\" content=\"index, follow, max-snippet:-1, max-image-preview:large, max-video-preview:-1\" \/>\n<link rel=\"canonical\" href=\"https:\/\/www.fychtech.com\/en\/info\/\" \/>\n<meta property=\"og:locale\" content=\"en_GB\" \/>\n<meta property=\"og:type\" content=\"article\" \/>\n<meta property=\"og:title\" content=\"Actualidad - Fych Technologies\" \/>\n<meta property=\"og:description\" content=\"Conoce todas nuestras noticias acerca de innovaci\u00f3n en tecnolog\u00edas para el reciclaje de pl\u00e1sticos en el Blog de Fych. Ll\u00e1manos 691 79 49 21.\" \/>\n<meta property=\"og:url\" content=\"https:\/\/www.fychtech.com\/en\/info\/\" \/>\n<meta property=\"og:site_name\" content=\"Fych Technologies\" \/>\n<meta property=\"article:modified_time\" content=\"2024-08-12T07:39:38+00:00\" \/>\n<meta property=\"og:image\" content=\"https:\/\/www.fychtech.com\/wp-content\/uploads\/2024\/08\/Noticias-1024x576.jpg\" \/>\n<meta name=\"twitter:card\" content=\"summary_large_image\" \/>\n<meta name=\"twitter:label1\" content=\"Estimated reading time\" \/>\n\t<meta name=\"twitter:data1\" content=\"1 minute\" \/>\n<script type=\"application\/ld+json\" class=\"yoast-schema-graph\">{\"@context\":\"https:\\\/\\\/schema.org\",\"@graph\":[{\"@type\":\"WebPage\",\"@id\":\"https:\\\/\\\/www.fychtech.com\\\/info\\\/\",\"url\":\"https:\\\/\\\/www.fychtech.com\\\/info\\\/\",\"name\":\"Actualidad - Fych Technologies\",\"isPartOf\":{\"@id\":\"https:\\\/\\\/adoring-sammet.137-74-93-36.plesk.page\\\/#website\"},\"primaryImageOfPage\":{\"@id\":\"https:\\\/\\\/www.fychtech.com\\\/info\\\/#primaryimage\"},\"image\":{\"@id\":\"https:\\\/\\\/www.fychtech.com\\\/info\\\/#primaryimage\"},\"thumbnailUrl\":\"https:\\\/\\\/www.fychtech.com\\\/wp-content\\\/uploads\\\/2024\\\/08\\\/Noticias-1024x576.jpg\",\"datePublished\":\"2024-08-01T13:03:33+00:00\",\"dateModified\":\"2024-08-12T07:39:38+00:00\",\"description\":\"Conoce todas nuestras noticias acerca de innovaci\u00f3n en tecnolog\u00edas para el reciclaje de pl\u00e1sticos en el Blog de Fych. Ll\u00e1manos 691 79 49 21.\",\"breadcrumb\":{\"@id\":\"https:\\\/\\\/www.fychtech.com\\\/info\\\/#breadcrumb\"},\"inLanguage\":\"en-GB\",\"potentialAction\":[{\"@type\":\"ReadAction\",\"target\":[\"https:\\\/\\\/www.fychtech.com\\\/info\\\/\"]}]},{\"@type\":\"ImageObject\",\"inLanguage\":\"en-GB\",\"@id\":\"https:\\\/\\\/www.fychtech.com\\\/info\\\/#primaryimage\",\"url\":\"https:\\\/\\\/www.fychtech.com\\\/wp-content\\\/uploads\\\/2024\\\/08\\\/Noticias-1024x576.jpg\",\"contentUrl\":\"https:\\\/\\\/www.fychtech.com\\\/wp-content\\\/uploads\\\/2024\\\/08\\\/Noticias-1024x576.jpg\"},{\"@type\":\"BreadcrumbList\",\"@id\":\"https:\\\/\\\/www.fychtech.com\\\/info\\\/#breadcrumb\",\"itemListElement\":[{\"@type\":\"ListItem\",\"position\":1,\"name\":\"Portada\",\"item\":\"https:\\\/\\\/www.fychtech.com\\\/\"},{\"@type\":\"ListItem\",\"position\":2,\"name\":\"Actualidad\"}]},{\"@type\":\"WebSite\",\"@id\":\"https:\\\/\\\/adoring-sammet.137-74-93-36.plesk.page\\\/#website\",\"url\":\"https:\\\/\\\/adoring-sammet.137-74-93-36.plesk.page\\\/\",\"name\":\"Fych Technologies\",\"description\":\"\",\"potentialAction\":[{\"@type\":\"SearchAction\",\"target\":{\"@type\":\"EntryPoint\",\"urlTemplate\":\"https:\\\/\\\/adoring-sammet.137-74-93-36.plesk.page\\\/?s={search_term_string}\"},\"query-input\":{\"@type\":\"PropertyValueSpecification\",\"valueRequired\":true,\"valueName\":\"search_term_string\"}}],\"inLanguage\":\"en-GB\"}]}<\/script>\n<!-- \/ Yoast SEO plugin. -->","yoast_head_json":{"title":"Actualidad - Fych Technologies","description":"Conoce todas nuestras noticias acerca de innovaci\u00f3n en tecnolog\u00edas para el reciclaje de pl\u00e1sticos en el Blog de Fych. Ll\u00e1manos 691 79 49 21.","robots":{"index":"index","follow":"follow","max-snippet":"max-snippet:-1","max-image-preview":"max-image-preview:large","max-video-preview":"max-video-preview:-1"},"canonical":"https:\/\/www.fychtech.com\/en\/info\/","og_locale":"en_GB","og_type":"article","og_title":"Actualidad - Fych Technologies","og_description":"Conoce todas nuestras noticias acerca de innovaci\u00f3n en tecnolog\u00edas para el reciclaje de pl\u00e1sticos en el Blog de Fych. Ll\u00e1manos 691 79 49 21.","og_url":"https:\/\/www.fychtech.com\/en\/info\/","og_site_name":"Fych Technologies","article_modified_time":"2024-08-12T07:39:38+00:00","og_image":[{"url":"https:\/\/www.fychtech.com\/wp-content\/uploads\/2024\/08\/Noticias-1024x576.jpg","type":"","width":"","height":""}],"twitter_card":"summary_large_image","twitter_misc":{"Estimated reading time":"1 minute"},"schema":{"@context":"https:\/\/schema.org","@graph":[{"@type":"WebPage","@id":"https:\/\/www.fychtech.com\/info\/","url":"https:\/\/www.fychtech.com\/info\/","name":"Actualidad - Fych Technologies","isPartOf":{"@id":"https:\/\/adoring-sammet.137-74-93-36.plesk.page\/#website"},"primaryImageOfPage":{"@id":"https:\/\/www.fychtech.com\/info\/#primaryimage"},"image":{"@id":"https:\/\/www.fychtech.com\/info\/#primaryimage"},"thumbnailUrl":"https:\/\/www.fychtech.com\/wp-content\/uploads\/2024\/08\/Noticias-1024x576.jpg","datePublished":"2024-08-01T13:03:33+00:00","dateModified":"2024-08-12T07:39:38+00:00","description":"Conoce todas nuestras noticias acerca de innovaci\u00f3n en tecnolog\u00edas para el reciclaje de pl\u00e1sticos en el Blog de Fych. Ll\u00e1manos 691 79 49 21.","breadcrumb":{"@id":"https:\/\/www.fychtech.com\/info\/#breadcrumb"},"inLanguage":"en-GB","potentialAction":[{"@type":"ReadAction","target":["https:\/\/www.fychtech.com\/info\/"]}]},{"@type":"ImageObject","inLanguage":"en-GB","@id":"https:\/\/www.fychtech.com\/info\/#primaryimage","url":"https:\/\/www.fychtech.com\/wp-content\/uploads\/2024\/08\/Noticias-1024x576.jpg","contentUrl":"https:\/\/www.fychtech.com\/wp-content\/uploads\/2024\/08\/Noticias-1024x576.jpg"},{"@type":"BreadcrumbList","@id":"https:\/\/www.fychtech.com\/info\/#breadcrumb","itemListElement":[{"@type":"ListItem","position":1,"name":"Portada","item":"https:\/\/www.fychtech.com\/"},{"@type":"ListItem","position":2,"name":"Actualidad"}]},{"@type":"WebSite","@id":"https:\/\/adoring-sammet.137-74-93-36.plesk.page\/#website","url":"https:\/\/adoring-sammet.137-74-93-36.plesk.page\/","name":"Fych Technologies","description":"","potentialAction":[{"@type":"SearchAction","target":{"@type":"EntryPoint","urlTemplate":"https:\/\/adoring-sammet.137-74-93-36.plesk.page\/?s={search_term_string}"},"query-input":{"@type":"PropertyValueSpecification","valueRequired":true,"valueName":"search_term_string"}}],"inLanguage":"en-GB"}]}},"_links":{"self":[{"href":"https:\/\/www.fychtech.com\/en\/wp-json\/wp\/v2\/pages\/9552","targetHints":{"allow":["GET"]}}],"collection":[{"href":"https:\/\/www.fychtech.com\/en\/wp-json\/wp\/v2\/pages"}],"about":[{"href":"https:\/\/www.fychtech.com\/en\/wp-json\/wp\/v2\/types\/page"}],"author":[{"embeddable":true,"href":"https:\/\/www.fychtech.com\/en\/wp-json\/wp\/v2\/users\/2"}],"replies":[{"embeddable":true,"href":"https:\/\/www.fychtech.com\/en\/wp-json\/wp\/v2\/comments?post=9552"}],"version-history":[{"count":46,"href":"https:\/\/www.fychtech.com\/en\/wp-json\/wp\/v2\/pages\/9552\/revisions"}],"predecessor-version":[{"id":9937,"href":"https:\/\/www.fychtech.com\/en\/wp-json\/wp\/v2\/pages\/9552\/revisions\/9937"}],"wp:attachment":[{"href":"https:\/\/www.fychtech.com\/en\/wp-json\/wp\/v2\/media?parent=9552"}],"curies":[{"name":"wp","href":"https:\/\/api.w.org\/{rel}","templated":true}]}}