{"id":2312,"date":"2024-02-12T13:28:33","date_gmt":"2024-02-12T13:28:33","guid":{"rendered":"https:\/\/www.fychtech.com\/?page_id=2312"},"modified":"2024-02-14T10:37:16","modified_gmt":"2024-02-14T10:37:16","slug":"politica-de-privacidad","status":"publish","type":"page","link":"https:\/\/www.fychtech.com\/en\/politica-de-privacidad\/","title":{"rendered":"Privacy Policy"},"content":{"rendered":"<div data-elementor-type=\"wp-page\" data-elementor-id=\"2312\" class=\"elementor elementor-2312\" data-elementor-post-type=\"page\">\n\t\t\t\t<div data-ka-cursor-size=\"1\" class=\"elementor-element elementor-element-f84e69f e-flex e-con-boxed e-con e-parent\" data-id=\"f84e69f\" data-element_type=\"container\" data-e-type=\"container\" data-settings=\"{&quot;background_background&quot;:&quot;classic&quot;,&quot;kng_cursor_interaction&quot;:&quot;default&quot;,&quot;kng_cursor_magnetic&quot;:&quot;none&quot;,&quot;kng_cursor_size_multiplier&quot;:{&quot;unit&quot;:&quot;px&quot;,&quot;size&quot;:1,&quot;sizes&quot;:[]}}\">\n\t\t\t\t\t<div class=\"e-con-inner\">\n\t\t<div data-ka-cursor-size=\"1\" class=\"elementor-element elementor-element-0d20a54 e-con-full e-flex e-con e-child\" data-id=\"0d20a54\" data-element_type=\"container\" data-e-type=\"container\" data-settings=\"{&quot;kng_cursor_interaction&quot;:&quot;default&quot;,&quot;kng_cursor_magnetic&quot;:&quot;none&quot;,&quot;kng_cursor_size_multiplier&quot;:{&quot;unit&quot;:&quot;px&quot;,&quot;size&quot;:1,&quot;sizes&quot;:[]}}\">\n\t\t\t\t<\/div>\n\t\t<div data-ka-cursor-size=\"1\" class=\"elementor-element elementor-element-ad2c6cb e-con-full e-flex e-con e-child\" data-id=\"ad2c6cb\" data-element_type=\"container\" data-e-type=\"container\" data-settings=\"{&quot;kng_cursor_interaction&quot;:&quot;default&quot;,&quot;kng_cursor_magnetic&quot;:&quot;none&quot;,&quot;kng_cursor_size_multiplier&quot;:{&quot;unit&quot;:&quot;px&quot;,&quot;size&quot;:1,&quot;sizes&quot;:[]}}\">\n\t\t\t\t<div data-ka-cursor-size=\"1\" class=\"elementor-element elementor-element-cf4260d elementor-widget elementor-widget-heading\" data-id=\"cf4260d\" data-element_type=\"widget\" data-e-type=\"widget\" data-settings=\"{&quot;htmega_fe&quot;:&quot;no&quot;,&quot;kng_cursor_interaction&quot;:&quot;default&quot;,&quot;kng_cursor_magnetic&quot;:&quot;none&quot;,&quot;kng_cursor_size_multiplier&quot;:{&quot;unit&quot;:&quot;px&quot;,&quot;size&quot;:1,&quot;sizes&quot;:[]}}\" data-widget_type=\"heading.default\">\n\t\t\t\t<div class=\"elementor-widget-container\">\n\t\t\t\t\t<h1 class=\"elementor-heading-title elementor-size-default\">Pol\u00edtica de privacidad<\/h1>\t\t\t\t<\/div>\n\t\t\t\t<\/div>\n\t\t\t\t<\/div>\n\t\t<div data-ka-cursor-size=\"1\" class=\"elementor-element elementor-element-5839087 e-con-full e-flex e-con e-child\" data-id=\"5839087\" data-element_type=\"container\" data-e-type=\"container\" data-settings=\"{&quot;kng_cursor_interaction&quot;:&quot;default&quot;,&quot;kng_cursor_magnetic&quot;:&quot;none&quot;,&quot;kng_cursor_size_multiplier&quot;:{&quot;unit&quot;:&quot;px&quot;,&quot;size&quot;:1,&quot;sizes&quot;:[]}}\">\n\t\t\t\t<\/div>\n\t\t\t\t\t<\/div>\n\t\t\t\t<\/div>\n\t\t<div data-ka-cursor-size=\"1\" class=\"elementor-element elementor-element-3de198d e-flex e-con-boxed e-con e-parent\" data-id=\"3de198d\" data-element_type=\"container\" data-e-type=\"container\" data-settings=\"{&quot;kng_cursor_interaction&quot;:&quot;default&quot;,&quot;kng_cursor_magnetic&quot;:&quot;none&quot;,&quot;kng_cursor_size_multiplier&quot;:{&quot;unit&quot;:&quot;px&quot;,&quot;size&quot;:1,&quot;sizes&quot;:[]}}\">\n\t\t\t\t\t<div class=\"e-con-inner\">\n\t\t\t\t<div data-ka-cursor-size=\"1\" class=\"elementor-element elementor-element-efe9c66 elementor-widget elementor-widget-text-editor\" data-id=\"efe9c66\" data-element_type=\"widget\" data-e-type=\"widget\" data-settings=\"{&quot;htmega_fe&quot;:&quot;no&quot;,&quot;kng_cursor_interaction&quot;:&quot;default&quot;,&quot;kng_cursor_magnetic&quot;:&quot;none&quot;,&quot;kng_cursor_size_multiplier&quot;:{&quot;unit&quot;:&quot;px&quot;,&quot;size&quot;:1,&quot;sizes&quot;:[]}}\" data-widget_type=\"text-editor.default\">\n\t\t\t\t<div class=\"elementor-widget-container\">\n\t\t\t\t\t\t\t\t\t<p>FYCH TECHNOLOGIES, S.L., se compromete a proteger su privacidad. Esta Pol\u00edtica de Privacidad<br \/>explica c\u00f3mo recopilamos y utilizamos sus datos personales y qu\u00e9 derechos y opciones tiene al<br \/>respecto. Consulte tambi\u00e9n nuestra Pol\u00edtica de cookies que explica el uso de cookies y otros<br \/>dispositivos de seguimiento de la web a trav\u00e9s de nuestro sitio web.<\/p><h3><br \/>\u00bfQui\u00e9n es el responsable del tratamiento de sus datos personales?<\/h3><p><br \/>FYCH TECHNOLOGIES, S.L. con N.I.F. B02820116, domicilio social en CALLE PARRAS, 6, 03690,<br \/>SAN VICENTE DEL RASPEIG \u2013 ALICANTE, con n\u00famero de tel\u00e9fono 691794921 y e-mail:<br \/>info@fychtech.com es el responsable del tratamiento de sus datos de car\u00e1cter personal. Por<br \/>tanto, nosotros le garantizamos su seguridad y tratamiento confidencial, de conformidad con lo<br \/>dispuesto en el REGLAMENTO EUROPEO DE PROTECCION DE DATOS (UE) 679\/2016, as\u00ed como<br \/>cualquier otra normativa que resulte de aplicaci\u00f3n.<\/p><h3><br \/>\u00bfCon qu\u00e9 fines utilizamos sus datos personales?<\/h3><p><br \/>En FYCH TECHNOLOGIES, S.L. utilizamos sus datos en la medida en que sea permitido por el<br \/>RGPD, as\u00ed como por la normativa vigente que sea de aplicaci\u00f3n. En todo caso el tratamiento se<br \/>har\u00e1 para fines determinados, expl\u00edcitos y leg\u00edtimos, y en ning\u00fan caso ser\u00e1n tratados de manera<br \/>incompatible para dichos fines. En concreto se llevar\u00e1n a cabo los siguientes tratamientos:<br \/>\u2013 Contestar a sus consultas, solicitudes o peticiones.<br \/>\u2013 Gestionar la relaci\u00f3n contractual y la prestaci\u00f3n de los servicios de consulta solicitados por el<br \/>cliente.<br \/>\u2013 Gestionar sus llamadas telef\u00f3nicas.<br \/>\u2013 Emitir justificantes de cobro por los servicios prestados en favor del cliente.<br \/>\u2013 Para el correcto desempe\u00f1o del servicio solicitado, se tratar\u00e1n los datos personales del cliente<br \/>necesarios para un seguimiento de la evoluci\u00f3n de este durante la prestaci\u00f3n del servicio.<br \/>\u2013 Realizar todos aquellos tr\u00e1mites administrativos, fiscales y contables necesarios para cumplir<br \/>con nuestros compromisos contractuales y obligaciones fiscales y contables. Cumplimiento de<br \/>nuestras obligaciones legales.<br \/>\u2013 Analizar y mejorar nuestros servicios y comunicaciones con usted.<br \/>\u2013 Supervisar y evaluar el cumplimiento de nuestras pol\u00edticas y normas.<br \/>\u2013 Gestionar env\u00edo de informaci\u00f3n y prospecci\u00f3n comercial por cualquier v\u00eda en caso de<br \/>consentimiento expl\u00edcito.<\/p><h3><br \/>\u00bfC\u00f3mo recabamos su informaci\u00f3n?<\/h3><p><br \/>Recabamos su informaci\u00f3n personal a trav\u00e9s de diferentes medios, pero siempre ser\u00e1 informado<br \/>en el momento de la recogida mediante cl\u00e1usulas informativas sobre el responsable del<br \/>tratamiento, la finalidad y la base legal del mismo, los destinatarios de los datos y el periodo de<br \/>conservaci\u00f3n de su informaci\u00f3n, as\u00ed como la forma en que puede ejercer los derechos que le<br \/>asisten en materia de protecci\u00f3n de datos.<\/p><p>En general, la informaci\u00f3n personal que tratamos se limita a datos identificativos (nombre y<br \/>apellidos, fecha de nacimiento, domicilio, DNI, tel\u00e9fono y correo electr\u00f3nico), servicios<br \/>contratados y datos de pago y facturaci\u00f3n.<br \/>En los casos de gesti\u00f3n y selecci\u00f3n de personal recogemos los datos acad\u00e9micos y<br \/>profesionales para poder atender a las obligaciones derivadas del mantenimiento de la relaci\u00f3n<br \/>laboral o en su caso, entrar a formar parte de nuestra plantilla.<br \/>FYCH TECHNOLOGIES, S.L., utiliza redes sociales y esta es otra forma de llegar a usted. La<br \/>informaci\u00f3n recogida a trav\u00e9s de los mensajes y comunicaciones que publica puede contener<br \/>informaci\u00f3n personal que se encuentra disponible online y accesible al p\u00fablico. Estas redes<br \/>sociales cuentan con sus propias pol\u00edticas de privacidad donde se explica c\u00f3mo utilizan y<br \/>comparten su informaci\u00f3n, por lo que FYCH TECHNOLOGIES, S.L., le recomienda que las<br \/>consulte antes de hacer uso de estas para confirmar que est\u00e1 de acuerdo con la forma en que su<br \/>informaci\u00f3n es recogida, tratada y compartida.<br \/>A trav\u00e9s de nuestra p\u00e1gina web recabamos informaci\u00f3n personal relacionada con su navegaci\u00f3n<br \/>a trav\u00e9s del uso de cookies. Para conocer de manera clara y precisa las cookies que utilizamos,<br \/>cu\u00e1les son sus finalidades y c\u00f3mo puede configurarlas o deshabilitarlas, consulte nuestra Pol\u00edtica de Cookies.<\/p><h3><br \/>Responsabilidad de usuario<\/h3><p><br \/>Al facilitarnos sus datos a trav\u00e9s de canales electr\u00f3nicos, el usuario garantiza que es mayor de<br \/>14 a\u00f1os y que los datos facilitados a FYCH TECHNOLOGIES, S.L., son verdaderos, exactos,<br \/>completos y actualizados. A estos efectos, el usuario confirma que responde de la veracidad de<br \/>los datos comunicados y que mantendr\u00e1 convenientemente actualizada dicha informaci\u00f3n de<br \/>modo que responda a su situaci\u00f3n real, haci\u00e9ndose responsable de los datos falsos e inexactos<br \/>que pudiera proporcionar, as\u00ed como de los da\u00f1os y perjuicios, directos o indirectos, que pudieran<br \/>derivarse<\/p><h3><br \/>\u00bfCu\u00e1l es la legitimaci\u00f3n para el tratamiento de sus<br \/>datos?<\/h3><p><br \/>La legitimaci\u00f3n de los tratamientos de los datos personales que llevamos a cabo se hace en<br \/>todo momento en cumplimiento con lo dispuesto en el art\u00edculo 6 del RGPD, as\u00ed como en el<br \/>art\u00edculo 8 de la Ley Org\u00e1nica 3\/2018. En los casos en que la legitimaci\u00f3n para la finalidad<br \/>principal del uso de datos no se encuentre en ninguna de las bases jur\u00eddicas anteriores, se<br \/>solicitar\u00e1 el consentimiento del interesado para el tratamiento<\/p><h3><br \/>\u00bfCu\u00e1nto tiempo conservamos tus datos?<\/h3><p><br \/>Los datos personales ser\u00e1n conservados durante el tiempo necesario para la prestaci\u00f3n del<br \/>servicio o mientras el interesado no retire su consentimiento. Posteriormente, los datos ser\u00e1n<br \/>suprimidos conforme a lo dispuesto en la normativa de protecci\u00f3n de datos, lo que implica su<br \/>bloqueo, estando disponibles tan solo a solicitud de Jueces y tribunales, Defensor del Pueblo,<br \/>Ministerio Fiscal o las Administraciones P\u00fablicas competentes durante el plazo de prescripci\u00f3n<br \/>de las acciones que pudieran derivar y, transcurrido \u00e9ste, se proceder\u00e1 a su completa<br \/>eliminaci\u00f3n.<\/p><p>\u00a0<\/p><h3>\u00bfCon qui\u00e9n compartimos tus datos?<\/h3><p><br \/>Le informamos que los datos proporcionados, ser\u00e1n comunicados a los diferentes proveedores<br \/>de productos y servicios, que sean necesarios para la ejecuci\u00f3n del tratamiento solicitado.<br \/>Nuestros proveedores est\u00e1n obligados a utilizar los datos proporcionados \u00fanica y<br \/>exclusivamente para el cumplimiento del servicio solicitado. Los datos personales tratados por<br \/>FYCH TECHNOLOGIES, S.L. para alcanzar las finalidades detalladas anteriormente podr\u00e1n ser<br \/>comunicados a los siguientes destinatarios en funci\u00f3n de la base legitimadora de la<br \/>comunicaci\u00f3n:<br \/>\u2013 Las Administraciones P\u00fablicas en los casos previstos por la Ley.<br \/>\u2013 Las Fuerzas y Cuerpos de Seguridad del Estado.<br \/>\u2013 Los bancos y entidades financieras para el cobro de los servicios contratados.<br \/>\u2013 Los registros p\u00fablicos de solvencia patrimonial y a los sistemas de prevenci\u00f3n contra el fraude<\/p><h3><br \/>\u00bfCu\u00e1les son sus derechos?<\/h3><p><br \/><strong>Derechos<\/strong>:<br \/>En particular, independientemente de la finalidad o la base legal en virtud de la que tratemos sus<br \/>datos, tiene derecho a:<br \/>\u2013<strong> Derecho de acceso<\/strong>: cualquier persona tiene derecho a obtener confirmaci\u00f3n sobre si FYCH<br \/>TECHNOLOGIES, S.L. est\u00e1 tratando datos personales que le conciernan.<br \/>\u2013<strong> Derecho de rectificaci\u00f3n<\/strong>: Usted tiene derecho a acceder a sus datos personales de los que<br \/>disponemos y solicitar su rectificaci\u00f3n cuando estos sean inexactos.<br \/>\u2013 <strong>Derecho de supresi\u00f3n<\/strong>: cuando los datos recabados ya no sean necesarios para la finalidad<br \/>para los fines que fueron recabados.<br \/>\u2013 <strong>Derecho a la limitaci\u00f3n del tratamiento<\/strong>: podr\u00e1 solicitar la limitaci\u00f3n del tratamiento de sus<br \/>datos y solicitar que se conserven para el ejercicio o defensa de reclamaciones.<br \/>\u2013<strong> Derecho de portabilidad<\/strong>: tiene derecho a obtener los datos personales que les incumben en un<br \/>formato estructurado de uso com\u00fan y lectura mec\u00e1nica y a transmitirlos a otro responsable.<br \/>&#8211;<strong>Derecho a retirar consentimiento<\/strong>: el derecho a retirar cualquier consentimiento que usted nos<br \/>haya dado previamente para manejar su informaci\u00f3n personal. Si retira su consentimiento, esto<br \/>no afectar\u00e1 a la legalidad del uso que le dimos a su informaci\u00f3n personal antes de que retirar\u00e1<br \/>su consentimiento<\/p><p>\u00a0<\/p><h3>\u00bfC\u00f3mo puede ejercer sus derechos?<\/h3><p><br \/>FYCH TECHNOLOGIES, S.L. se compromete a respetar la confidencialidad de sus datos<br \/>personales y a garantizarle el ejercicio de sus derechos. Puede ejercitarlos sin coste alguno<br \/>escribi\u00e9ndonos un correo electr\u00f3nico a nuestra direcci\u00f3n info@fychtech.com simplemente<br \/>indic\u00e1ndonos el motivo de su solicitud y el derecho que quiere ejercitar, inform\u00e1ndole que es<br \/>imprescindible, seg\u00fan Ley, que aporte copia de DNI o NIE. Le informamos tambi\u00e9n que, siguiendo<br \/>con nuestra pol\u00edtica de transparencia, todos los derechos se encuentran en la p\u00e1gina web a<br \/>disposici\u00f3n de los clientes. Se le informa que tambi\u00e9n puede ejercer sus derechos presentando<br \/>una declaraci\u00f3n ante la autoridad de control competente, cuando no haya obtenido satisfacci\u00f3n<br \/>en el ejercicio de sus derechos.<\/p>\t\t\t\t\t\t\t\t<\/div>\n\t\t\t\t<\/div>\n\t\t\t\t\t<\/div>\n\t\t\t\t<\/div>\n\t\t\t\t<\/div>","protected":false},"excerpt":{"rendered":"<p>Pol\u00edtica de privacidad FYCH TECHNOLOGIES, S.L., se compromete a proteger su privacidad. Esta Pol\u00edtica de Privacidadexplica c\u00f3mo recopilamos y utilizamos sus datos personales y qu\u00e9 derechos y opciones tiene alrespecto. Consulte tambi\u00e9n nuestra Pol\u00edtica de cookies que explica el uso de cookies y otrosdispositivos de seguimiento de la web a trav\u00e9s de nuestro sitio web. [&hellip;]<\/p>\n","protected":false},"author":2,"featured_media":0,"parent":0,"menu_order":0,"comment_status":"closed","ping_status":"closed","template":"","meta":{"footnotes":""},"class_list":["post-2312","page","type-page","status-publish","hentry"],"yoast_head":"<!-- This site is optimized with the Yoast SEO plugin v27.3 - https:\/\/yoast.com\/product\/yoast-seo-wordpress\/ -->\n<title>Pol\u00edtica de Privacidad - Fych Technologies<\/title>\n<meta name=\"robots\" content=\"noindex, follow\" \/>\n<meta property=\"og:locale\" content=\"en_GB\" \/>\n<meta property=\"og:type\" content=\"article\" \/>\n<meta property=\"og:title\" content=\"Pol\u00edtica de Privacidad - Fych Technologies\" \/>\n<meta property=\"og:description\" content=\"Pol\u00edtica de privacidad FYCH TECHNOLOGIES, S.L., se compromete a proteger su privacidad. Esta Pol\u00edtica de Privacidadexplica c\u00f3mo recopilamos y utilizamos sus datos personales y qu\u00e9 derechos y opciones tiene alrespecto. Consulte tambi\u00e9n nuestra Pol\u00edtica de cookies que explica el uso de cookies y otrosdispositivos de seguimiento de la web a trav\u00e9s de nuestro sitio web. [&hellip;]\" \/>\n<meta property=\"og:url\" content=\"https:\/\/www.fychtech.com\/en\/politica-de-privacidad\/\" \/>\n<meta property=\"og:site_name\" content=\"Fych Technologies\" \/>\n<meta property=\"article:modified_time\" content=\"2024-02-14T10:37:16+00:00\" \/>\n<meta name=\"twitter:card\" content=\"summary_large_image\" \/>\n<meta name=\"twitter:label1\" content=\"Estimated reading time\" \/>\n\t<meta name=\"twitter:data1\" content=\"7 minutes\" \/>\n<script type=\"application\/ld+json\" class=\"yoast-schema-graph\">{\"@context\":\"https:\\\/\\\/schema.org\",\"@graph\":[{\"@type\":\"WebPage\",\"@id\":\"https:\\\/\\\/www.fychtech.com\\\/politica-de-privacidad\\\/\",\"url\":\"https:\\\/\\\/www.fychtech.com\\\/politica-de-privacidad\\\/\",\"name\":\"Pol\u00edtica de Privacidad - Fych Technologies\",\"isPartOf\":{\"@id\":\"https:\\\/\\\/adoring-sammet.137-74-93-36.plesk.page\\\/#website\"},\"datePublished\":\"2024-02-12T13:28:33+00:00\",\"dateModified\":\"2024-02-14T10:37:16+00:00\",\"breadcrumb\":{\"@id\":\"https:\\\/\\\/www.fychtech.com\\\/politica-de-privacidad\\\/#breadcrumb\"},\"inLanguage\":\"en-GB\",\"potentialAction\":[{\"@type\":\"ReadAction\",\"target\":[\"https:\\\/\\\/www.fychtech.com\\\/politica-de-privacidad\\\/\"]}]},{\"@type\":\"BreadcrumbList\",\"@id\":\"https:\\\/\\\/www.fychtech.com\\\/politica-de-privacidad\\\/#breadcrumb\",\"itemListElement\":[{\"@type\":\"ListItem\",\"position\":1,\"name\":\"Portada\",\"item\":\"https:\\\/\\\/www.fychtech.com\\\/\"},{\"@type\":\"ListItem\",\"position\":2,\"name\":\"Pol\u00edtica de Privacidad\"}]},{\"@type\":\"WebSite\",\"@id\":\"https:\\\/\\\/adoring-sammet.137-74-93-36.plesk.page\\\/#website\",\"url\":\"https:\\\/\\\/adoring-sammet.137-74-93-36.plesk.page\\\/\",\"name\":\"Fych Technologies\",\"description\":\"\",\"potentialAction\":[{\"@type\":\"SearchAction\",\"target\":{\"@type\":\"EntryPoint\",\"urlTemplate\":\"https:\\\/\\\/adoring-sammet.137-74-93-36.plesk.page\\\/?s={search_term_string}\"},\"query-input\":{\"@type\":\"PropertyValueSpecification\",\"valueRequired\":true,\"valueName\":\"search_term_string\"}}],\"inLanguage\":\"en-GB\"}]}<\/script>\n<!-- \/ Yoast SEO plugin. -->","yoast_head_json":{"title":"Pol\u00edtica de Privacidad - Fych Technologies","robots":{"index":"noindex","follow":"follow"},"og_locale":"en_GB","og_type":"article","og_title":"Pol\u00edtica de Privacidad - Fych Technologies","og_description":"Pol\u00edtica de privacidad FYCH TECHNOLOGIES, S.L., se compromete a proteger su privacidad. Esta Pol\u00edtica de Privacidadexplica c\u00f3mo recopilamos y utilizamos sus datos personales y qu\u00e9 derechos y opciones tiene alrespecto. Consulte tambi\u00e9n nuestra Pol\u00edtica de cookies que explica el uso de cookies y otrosdispositivos de seguimiento de la web a trav\u00e9s de nuestro sitio web. [&hellip;]","og_url":"https:\/\/www.fychtech.com\/en\/politica-de-privacidad\/","og_site_name":"Fych Technologies","article_modified_time":"2024-02-14T10:37:16+00:00","twitter_card":"summary_large_image","twitter_misc":{"Estimated reading time":"7 minutes"},"schema":{"@context":"https:\/\/schema.org","@graph":[{"@type":"WebPage","@id":"https:\/\/www.fychtech.com\/politica-de-privacidad\/","url":"https:\/\/www.fychtech.com\/politica-de-privacidad\/","name":"Pol\u00edtica de Privacidad - Fych Technologies","isPartOf":{"@id":"https:\/\/adoring-sammet.137-74-93-36.plesk.page\/#website"},"datePublished":"2024-02-12T13:28:33+00:00","dateModified":"2024-02-14T10:37:16+00:00","breadcrumb":{"@id":"https:\/\/www.fychtech.com\/politica-de-privacidad\/#breadcrumb"},"inLanguage":"en-GB","potentialAction":[{"@type":"ReadAction","target":["https:\/\/www.fychtech.com\/politica-de-privacidad\/"]}]},{"@type":"BreadcrumbList","@id":"https:\/\/www.fychtech.com\/politica-de-privacidad\/#breadcrumb","itemListElement":[{"@type":"ListItem","position":1,"name":"Portada","item":"https:\/\/www.fychtech.com\/"},{"@type":"ListItem","position":2,"name":"Pol\u00edtica de Privacidad"}]},{"@type":"WebSite","@id":"https:\/\/adoring-sammet.137-74-93-36.plesk.page\/#website","url":"https:\/\/adoring-sammet.137-74-93-36.plesk.page\/","name":"Fych Technologies","description":"","potentialAction":[{"@type":"SearchAction","target":{"@type":"EntryPoint","urlTemplate":"https:\/\/adoring-sammet.137-74-93-36.plesk.page\/?s={search_term_string}"},"query-input":{"@type":"PropertyValueSpecification","valueRequired":true,"valueName":"search_term_string"}}],"inLanguage":"en-GB"}]}},"_links":{"self":[{"href":"https:\/\/www.fychtech.com\/en\/wp-json\/wp\/v2\/pages\/2312","targetHints":{"allow":["GET"]}}],"collection":[{"href":"https:\/\/www.fychtech.com\/en\/wp-json\/wp\/v2\/pages"}],"about":[{"href":"https:\/\/www.fychtech.com\/en\/wp-json\/wp\/v2\/types\/page"}],"author":[{"embeddable":true,"href":"https:\/\/www.fychtech.com\/en\/wp-json\/wp\/v2\/users\/2"}],"replies":[{"embeddable":true,"href":"https:\/\/www.fychtech.com\/en\/wp-json\/wp\/v2\/comments?post=2312"}],"version-history":[{"count":4,"href":"https:\/\/www.fychtech.com\/en\/wp-json\/wp\/v2\/pages\/2312\/revisions"}],"predecessor-version":[{"id":2316,"href":"https:\/\/www.fychtech.com\/en\/wp-json\/wp\/v2\/pages\/2312\/revisions\/2316"}],"wp:attachment":[{"href":"https:\/\/www.fychtech.com\/en\/wp-json\/wp\/v2\/media?parent=2312"}],"curies":[{"name":"wp","href":"https:\/\/api.w.org\/{rel}","templated":true}]}}